{"id":28551,"date":"2020-10-25T18:07:20","date_gmt":"2020-10-25T18:07:20","guid":{"rendered":"http:\/\/www.floreriaplaza.com\/catalogo\/producto\/gold-16-l\/"},"modified":"2024-09-14T16:40:53","modified_gmt":"2024-09-14T16:40:53","slug":"gold-16-l","status":"publish","type":"product","link":"https:\/\/www.floreriaplaza.com\/catalogo\/producto\/gold-16-l\/","title":{"rendered":"Gold 16-L"},"content":{"rendered":"<p>Moderno arreglo en forma de osito de gran calidad y gran dise\u00f1o para expresar sentimientos, de 500 rosas. Las im\u00e1genes sirven como referencia. bases, flores, accesorios y colores pueden ser modificados dependiendo de la temporada de las flores y la existencia de material, manteniendo la calidad del producto.<\/p>\n","protected":false},"excerpt":{"rendered":"<p>Hermoso dise\u00f1o con 500 rosas en forma de osito, tama\u00f1o grande, con list\u00f3n, a domicilio.<\/p>\n","protected":false},"featured_media":28498,"comment_status":"open","ping_status":"closed","template":"","meta":{"_et_pb_use_builder":"","_et_pb_old_content":"","_et_gb_content_width":""},"product_brand":[],"product_cat":[70],"product_tag":[],"class_list":{"0":"post-28551","1":"product","2":"type-product","3":"status-publish","4":"has-post-thumbnail","6":"product_cat-gold-l","8":"first","9":"instock","10":"shipping-taxable","11":"product-type-simple"},"_links":{"self":[{"href":"https:\/\/www.floreriaplaza.com\/catalogo\/wp-json\/wp\/v2\/product\/28551","targetHints":{"allow":["GET"]}}],"collection":[{"href":"https:\/\/www.floreriaplaza.com\/catalogo\/wp-json\/wp\/v2\/product"}],"about":[{"href":"https:\/\/www.floreriaplaza.com\/catalogo\/wp-json\/wp\/v2\/types\/product"}],"replies":[{"embeddable":true,"href":"https:\/\/www.floreriaplaza.com\/catalogo\/wp-json\/wp\/v2\/comments?post=28551"}],"wp:featuredmedia":[{"embeddable":true,"href":"https:\/\/www.floreriaplaza.com\/catalogo\/wp-json\/wp\/v2\/media\/28498"}],"wp:attachment":[{"href":"https:\/\/www.floreriaplaza.com\/catalogo\/wp-json\/wp\/v2\/media?parent=28551"}],"wp:term":[{"taxonomy":"product_brand","embeddable":true,"href":"https:\/\/www.floreriaplaza.com\/catalogo\/wp-json\/wp\/v2\/product_brand?post=28551"},{"taxonomy":"product_cat","embeddable":true,"href":"https:\/\/www.floreriaplaza.com\/catalogo\/wp-json\/wp\/v2\/product_cat?post=28551"},{"taxonomy":"product_tag","embeddable":true,"href":"https:\/\/www.floreriaplaza.com\/catalogo\/wp-json\/wp\/v2\/product_tag?post=28551"}],"curies":[{"name":"wp","href":"https:\/\/api.w.org\/{rel}","templated":true}]}}