{"id":27260,"date":"2020-01-31T06:00:00","date_gmt":"2020-01-31T06:00:00","guid":{"rendered":"http:\/\/www.floreriaplaza.com\/catalogo\/producto\/plantas-y-orquideas-28-h\/"},"modified":"2020-10-25T03:16:33","modified_gmt":"2020-10-25T03:16:33","slug":"plantas-y-orquideas-02-h-2","status":"publish","type":"product","link":"https:\/\/www.floreriaplaza.com\/catalogo\/producto\/plantas-y-orquideas-02-h-2\/","title":{"rendered":"Plantas y Orquideas 02-H"},"content":{"rendered":"<p>Hermosa Orqu\u00eddea, con rosas en base con planta, estilo moderno y estilizado. Nota: cualquier dise\u00f1o de toda nuestra p\u00e1gina que te guste, puede elaborarse especialmente para cualquier ocasi\u00f3n, ya sea nacimiento de beb\u00e9s, cumplea\u00f1os, aniversarios, graduaciones, amor, agradecimientos, bienvenidas, despedidas, y hasta funerales porque se realizaria todo completamente en color blanco.<\/p>\n","protected":false},"excerpt":{"rendered":"<p>Hermosa Orqu\u00eddea, con rosas en base con planta, estilo moderno y estilizado.<\/p>\n","protected":false},"featured_media":27070,"comment_status":"closed","ping_status":"closed","template":"","meta":{"_et_pb_use_builder":"","_et_pb_old_content":"","_et_gb_content_width":""},"product_cat":[64,32],"product_tag":[],"class_list":{"0":"post-27260","1":"product","2":"type-product","3":"status-publish","4":"has-post-thumbnail","6":"product_cat-plantas-y-orquideas-h","7":"product_cat-todos","9":"first","10":"instock","11":"product-type-simple"},"_links":{"self":[{"href":"https:\/\/www.floreriaplaza.com\/catalogo\/wp-json\/wp\/v2\/product\/27260","targetHints":{"allow":["GET"]}}],"collection":[{"href":"https:\/\/www.floreriaplaza.com\/catalogo\/wp-json\/wp\/v2\/product"}],"about":[{"href":"https:\/\/www.floreriaplaza.com\/catalogo\/wp-json\/wp\/v2\/types\/product"}],"replies":[{"embeddable":true,"href":"https:\/\/www.floreriaplaza.com\/catalogo\/wp-json\/wp\/v2\/comments?post=27260"}],"wp:featuredmedia":[{"embeddable":true,"href":"https:\/\/www.floreriaplaza.com\/catalogo\/wp-json\/wp\/v2\/media\/27070"}],"wp:attachment":[{"href":"https:\/\/www.floreriaplaza.com\/catalogo\/wp-json\/wp\/v2\/media?parent=27260"}],"wp:term":[{"taxonomy":"product_cat","embeddable":true,"href":"https:\/\/www.floreriaplaza.com\/catalogo\/wp-json\/wp\/v2\/product_cat?post=27260"},{"taxonomy":"product_tag","embeddable":true,"href":"https:\/\/www.floreriaplaza.com\/catalogo\/wp-json\/wp\/v2\/product_tag?post=27260"}],"curies":[{"name":"wp","href":"https:\/\/api.w.org\/{rel}","templated":true}]}}