{"id":27223,"date":"2020-01-31T05:48:55","date_gmt":"2020-01-31T05:48:55","guid":{"rendered":"http:\/\/www.floreriaplaza.com\/catalogo\/producto\/jarrones-16-f\/"},"modified":"2020-02-01T05:38:57","modified_gmt":"2020-02-01T05:38:57","slug":"jarrones-16-f","status":"publish","type":"product","link":"https:\/\/www.floreriaplaza.com\/catalogo\/producto\/jarrones-16-f\/","title":{"rendered":"Jarrones 16-F"},"content":{"rendered":"<p>Hermoso detalle, moderno y estilizado con flores mixtas en elegante Jarr\u00f3n. Nota: cualquier dise\u00f1o de toda nuestra p\u00e1gina que te guste, puede elaborarse especialmente para cualquier ocasi\u00f3n, ya sea nacimiento de beb\u00e9s, cumplea\u00f1os, aniversarios, graduaciones, amor, agradecimientos, bienvenidas, despedidas, y hasta funerales porque se realizaria todo completamente en color blanco.<\/p>\n","protected":false},"excerpt":{"rendered":"<p>Hermoso detalle, moderno y estilizado con flores mixtas en elegante Jarr\u00f3n.<\/p>\n","protected":false},"featured_media":27032,"comment_status":"closed","ping_status":"closed","template":"","meta":{"_et_pb_use_builder":"","_et_pb_old_content":"","_et_gb_content_width":""},"product_brand":[],"product_cat":[16,23,62,32],"product_tag":[],"class_list":{"0":"post-27223","1":"product","2":"type-product","3":"status-publish","4":"has-post-thumbnail","6":"product_cat-alcatraces","7":"product_cat-girasoles","8":"product_cat-jarrones-f","9":"product_cat-todos","11":"first","12":"instock","13":"product-type-simple"},"_links":{"self":[{"href":"https:\/\/www.floreriaplaza.com\/catalogo\/wp-json\/wp\/v2\/product\/27223","targetHints":{"allow":["GET"]}}],"collection":[{"href":"https:\/\/www.floreriaplaza.com\/catalogo\/wp-json\/wp\/v2\/product"}],"about":[{"href":"https:\/\/www.floreriaplaza.com\/catalogo\/wp-json\/wp\/v2\/types\/product"}],"replies":[{"embeddable":true,"href":"https:\/\/www.floreriaplaza.com\/catalogo\/wp-json\/wp\/v2\/comments?post=27223"}],"wp:featuredmedia":[{"embeddable":true,"href":"https:\/\/www.floreriaplaza.com\/catalogo\/wp-json\/wp\/v2\/media\/27032"}],"wp:attachment":[{"href":"https:\/\/www.floreriaplaza.com\/catalogo\/wp-json\/wp\/v2\/media?parent=27223"}],"wp:term":[{"taxonomy":"product_brand","embeddable":true,"href":"https:\/\/www.floreriaplaza.com\/catalogo\/wp-json\/wp\/v2\/product_brand?post=27223"},{"taxonomy":"product_cat","embeddable":true,"href":"https:\/\/www.floreriaplaza.com\/catalogo\/wp-json\/wp\/v2\/product_cat?post=27223"},{"taxonomy":"product_tag","embeddable":true,"href":"https:\/\/www.floreriaplaza.com\/catalogo\/wp-json\/wp\/v2\/product_tag?post=27223"}],"curies":[{"name":"wp","href":"https:\/\/api.w.org\/{rel}","templated":true}]}}