{"id":27203,"date":"2020-01-31T05:39:14","date_gmt":"2020-01-31T05:39:14","guid":{"rendered":"http:\/\/www.floreriaplaza.com\/catalogo\/producto\/detalles-19-e\/"},"modified":"2020-02-01T04:33:32","modified_gmt":"2020-02-01T04:33:32","slug":"detalles-19-e","status":"publish","type":"product","link":"https:\/\/www.floreriaplaza.com\/catalogo\/producto\/detalles-19-e\/","title":{"rendered":"Detalles 19-E"},"content":{"rendered":"<p>Hermoso detalle, moderno y estilizado con flores mixtas. Nota: cualquier dise\u00f1o de toda nuestra p\u00e1gina que te guste, puede elaborarse especialmente para cualquier ocasi\u00f3n, ya sea nacimiento de beb\u00e9s, cumplea\u00f1os, aniversarios, graduaciones, amor, agradecimientos, bienvenidas, despedidas, y hasta funerales porque se realizaria todo completamente en color blanco.<\/p>\n","protected":false},"excerpt":{"rendered":"<p>Hermoso detalle, moderno y estilizado con flores mixtas.<\/p>\n","protected":false},"featured_media":27012,"comment_status":"closed","ping_status":"open","template":"","meta":{"_et_pb_use_builder":"","_et_pb_old_content":"","_et_gb_content_width":""},"product_cat":[61,32],"product_tag":[],"class_list":{"0":"post-27203","1":"product","2":"type-product","3":"status-publish","4":"has-post-thumbnail","6":"product_cat-detalles-e","7":"product_cat-todos","9":"first","10":"instock","11":"product-type-simple"},"_links":{"self":[{"href":"https:\/\/www.floreriaplaza.com\/catalogo\/wp-json\/wp\/v2\/product\/27203","targetHints":{"allow":["GET"]}}],"collection":[{"href":"https:\/\/www.floreriaplaza.com\/catalogo\/wp-json\/wp\/v2\/product"}],"about":[{"href":"https:\/\/www.floreriaplaza.com\/catalogo\/wp-json\/wp\/v2\/types\/product"}],"replies":[{"embeddable":true,"href":"https:\/\/www.floreriaplaza.com\/catalogo\/wp-json\/wp\/v2\/comments?post=27203"}],"wp:featuredmedia":[{"embeddable":true,"href":"https:\/\/www.floreriaplaza.com\/catalogo\/wp-json\/wp\/v2\/media\/27012"}],"wp:attachment":[{"href":"https:\/\/www.floreriaplaza.com\/catalogo\/wp-json\/wp\/v2\/media?parent=27203"}],"wp:term":[{"taxonomy":"product_cat","embeddable":true,"href":"https:\/\/www.floreriaplaza.com\/catalogo\/wp-json\/wp\/v2\/product_cat?post=27203"},{"taxonomy":"product_tag","embeddable":true,"href":"https:\/\/www.floreriaplaza.com\/catalogo\/wp-json\/wp\/v2\/product_tag?post=27203"}],"curies":[{"name":"wp","href":"https:\/\/api.w.org\/{rel}","templated":true}]}}