{"id":26939,"date":"2020-01-29T05:39:15","date_gmt":"2020-01-29T05:39:15","guid":{"rendered":"http:\/\/www.floreriaplaza.com\/catalogo\/producto\/tradicional-23-d\/"},"modified":"2020-02-01T04:53:28","modified_gmt":"2020-02-01T04:53:28","slug":"tradicional-23-d","status":"publish","type":"product","link":"https:\/\/www.floreriaplaza.com\/catalogo\/producto\/tradicional-23-d\/","title":{"rendered":"Tradicional 23-D"},"content":{"rendered":"<p>Hermoso y espectacular arreglo!!! con gran variedad de flores finas y rosas. Nota: cualquier dise\u00f1o de toda nuestra p\u00e1gina que te guste, puede elaborarse especialmente para cualquier ocasi\u00f3n, ya sea nacimiento de beb\u00e9s, cumplea\u00f1os, aniversarios, graduaciones, amor, agradecimientos, bienvenidas, despedidas, y hasta funerales porque se realizaria todo completamente en color blanco.<\/p>\n","protected":false},"excerpt":{"rendered":"<p>Hermoso y espectacular arreglo!!! con gran variedad de flores finas y rosas.<\/p>\n","protected":false},"featured_media":26914,"comment_status":"closed","ping_status":"open","template":"","meta":{"_et_pb_use_builder":"","_et_pb_old_content":"","_et_gb_content_width":""},"product_cat":[32,60],"product_tag":[],"class_list":{"0":"post-26939","1":"product","2":"type-product","3":"status-publish","4":"has-post-thumbnail","6":"product_cat-todos","7":"product_cat-tradicionales-d","9":"first","10":"instock","11":"product-type-simple"},"_links":{"self":[{"href":"https:\/\/www.floreriaplaza.com\/catalogo\/wp-json\/wp\/v2\/product\/26939","targetHints":{"allow":["GET"]}}],"collection":[{"href":"https:\/\/www.floreriaplaza.com\/catalogo\/wp-json\/wp\/v2\/product"}],"about":[{"href":"https:\/\/www.floreriaplaza.com\/catalogo\/wp-json\/wp\/v2\/types\/product"}],"replies":[{"embeddable":true,"href":"https:\/\/www.floreriaplaza.com\/catalogo\/wp-json\/wp\/v2\/comments?post=26939"}],"wp:featuredmedia":[{"embeddable":true,"href":"https:\/\/www.floreriaplaza.com\/catalogo\/wp-json\/wp\/v2\/media\/26914"}],"wp:attachment":[{"href":"https:\/\/www.floreriaplaza.com\/catalogo\/wp-json\/wp\/v2\/media?parent=26939"}],"wp:term":[{"taxonomy":"product_cat","embeddable":true,"href":"https:\/\/www.floreriaplaza.com\/catalogo\/wp-json\/wp\/v2\/product_cat?post=26939"},{"taxonomy":"product_tag","embeddable":true,"href":"https:\/\/www.floreriaplaza.com\/catalogo\/wp-json\/wp\/v2\/product_tag?post=26939"}],"curies":[{"name":"wp","href":"https:\/\/api.w.org\/{rel}","templated":true}]}}