{"id":26931,"date":"2020-01-29T05:38:52","date_gmt":"2020-01-29T05:38:52","guid":{"rendered":"http:\/\/www.floreriaplaza.com\/catalogo\/producto\/tradicional-15-d\/"},"modified":"2020-10-28T13:26:00","modified_gmt":"2020-10-28T13:26:00","slug":"tradicional-15-d","status":"publish","type":"product","link":"https:\/\/www.floreriaplaza.com\/catalogo\/producto\/tradicional-15-d\/","title":{"rendered":"Tradicional 15-D"},"content":{"rendered":"<p>[et_pb_section fb_built=\u00bb1&#8243; _builder_version=\u00bb3.22&#8243; custom_padding=\u00bb0px||||false|false\u00bb][et_pb_row _builder_version=\u00bb3.25&#8243; background_size=\u00bbinitial\u00bb background_position=\u00bbtop_left\u00bb background_repeat=\u00bbrepeat\u00bb width=\u00bb100%\u00bb custom_padding=\u00bb0px||0px||false|false\u00bb][et_pb_column type=\u00bb4_4&#8243; _builder_version=\u00bb3.25&#8243; custom_padding=\u00bb|||\u00bb custom_padding__hover=\u00bb|||\u00bb][et_pb_wc_breadcrumb _builder_version=\u00bb3.0.47&#8243;][\/et_pb_wc_breadcrumb][et_pb_wc_cart_notice _builder_version=\u00bb3.0.47&#8243;][\/et_pb_wc_cart_notice][\/et_pb_column][\/et_pb_row][et_pb_row _builder_version=\u00bb3.25&#8243; background_size=\u00bbinitial\u00bb background_position=\u00bbtop_left\u00bb background_repeat=\u00bbrepeat\u00bb width=\u00bb100%\u00bb custom_padding=\u00bb0px||||false|false\u00bb column_structure=\u00bb1_2,1_2&#8243;][et_pb_column type=\u00bb1_2&#8243; _builder_version=\u00bb3.25&#8243; custom_padding=\u00bb|||\u00bb custom_padding__hover=\u00bb|||\u00bb][et_pb_wc_images _builder_version=\u00bb3.0.47&#8243;][\/et_pb_wc_images][\/et_pb_column][et_pb_column type=\u00bb1_2&#8243; _builder_version=\u00bb3.25&#8243; custom_padding=\u00bb|||\u00bb custom_padding__hover=\u00bb|||\u00bb][et_pb_wc_title _builder_version=\u00bb3.0.47&#8243;][\/et_pb_wc_title][et_pb_wc_rating _builder_version=\u00bb3.0.47&#8243;][\/et_pb_wc_rating][et_pb_wc_price _builder_version=\u00bb3.0.47&#8243;][\/et_pb_wc_price][et_pb_wc_description _builder_version=\u00bb3.0.47&#8243;][\/et_pb_wc_description][et_pb_wc_add_to_cart _builder_version=\u00bb3.0.47&#8243;][\/et_pb_wc_add_to_cart][et_pb_wc_meta _builder_version=\u00bb3.0.47&#8243;][\/et_pb_wc_meta][et_pb_button button_url=\u00bbhttps:\/\/floreriaplaza.myshopify.com\/collections\/clasicos\/products\/tradicionales-15-d\u00bb url_new_window=\u00bbon\u00bb button_text=\u00bbComprar Online\u00bb button_alignment=\u00bbcenter\u00bb _builder_version=\u00bb4.6.6&#8243; _module_preset=\u00bbdefault\u00bb custom_button=\u00bbon\u00bb button_text_color=\u00bb#ffffff\u00bb button_bg_color=\u00bb#e02b20&#8243; button_border_width=\u00bb2px\u00bb button_border_radius=\u00bb19px\u00bb button_icon=\u00bb%%114%%\u00bb background_layout=\u00bbdark\u00bb hover_enabled=\u00bb0&#8243; sticky_enabled=\u00bb0&#8243;][\/et_pb_button][\/et_pb_column][\/et_pb_row][et_pb_row _builder_version=\u00bb3.25&#8243; background_size=\u00bbinitial\u00bb background_position=\u00bbtop_left\u00bb background_repeat=\u00bbrepeat\u00bb width=\u00bb100%\u00bb][et_pb_column type=\u00bb4_4&#8243; _builder_version=\u00bb3.25&#8243; custom_padding=\u00bb|||\u00bb custom_padding__hover=\u00bb|||\u00bb][et_pb_wc_tabs _builder_version=\u00bb3.0.47&#8243;]\t\t\t\t\t[\/et_pb_wc_tabs][et_pb_wc_upsells columns_number=\u00bb3&#8243; _builder_version=\u00bb3.0.47&#8243;][\/et_pb_wc_upsells][et_pb_wc_related_products columns_number=\u00bb3&#8243; _builder_version=\u00bb3.0.47&#8243;][\/et_pb_wc_related_products][\/et_pb_column][\/et_pb_row][\/et_pb_section]<\/p>\n","protected":false},"excerpt":{"rendered":"<p>Hermoso y espectacular arreglo!!! con gran variedad de flores finas y rosas.<\/p>\n","protected":false},"featured_media":26906,"comment_status":"closed","ping_status":"closed","template":"","meta":{"_et_pb_use_builder":"on","_et_pb_old_content":"Hermoso y espectacular arreglo!!! con gran variedad de flores finas y rosas. Nota: cualquier dise\u00f1o de toda nuestra p\u00e1gina que te guste, puede elaborarse especialmente para cualquier ocasi\u00f3n, ya sea nacimiento de beb\u00e9s, cumplea\u00f1os, aniversarios, graduaciones, amor, agradecimientos, bienvenidas, despedidas, y hasta funerales porque se realizaria todo completamente en color blanco.","_et_gb_content_width":""},"product_cat":[64,32,60],"product_tag":[],"class_list":{"0":"post-26931","1":"product","2":"type-product","3":"status-publish","4":"has-post-thumbnail","6":"product_cat-plantas-y-orquideas-h","7":"product_cat-todos","8":"product_cat-tradicionales-d","10":"first","11":"instock","12":"product-type-simple"},"_links":{"self":[{"href":"https:\/\/www.floreriaplaza.com\/catalogo\/wp-json\/wp\/v2\/product\/26931","targetHints":{"allow":["GET"]}}],"collection":[{"href":"https:\/\/www.floreriaplaza.com\/catalogo\/wp-json\/wp\/v2\/product"}],"about":[{"href":"https:\/\/www.floreriaplaza.com\/catalogo\/wp-json\/wp\/v2\/types\/product"}],"replies":[{"embeddable":true,"href":"https:\/\/www.floreriaplaza.com\/catalogo\/wp-json\/wp\/v2\/comments?post=26931"}],"wp:featuredmedia":[{"embeddable":true,"href":"https:\/\/www.floreriaplaza.com\/catalogo\/wp-json\/wp\/v2\/media\/26906"}],"wp:attachment":[{"href":"https:\/\/www.floreriaplaza.com\/catalogo\/wp-json\/wp\/v2\/media?parent=26931"}],"wp:term":[{"taxonomy":"product_cat","embeddable":true,"href":"https:\/\/www.floreriaplaza.com\/catalogo\/wp-json\/wp\/v2\/product_cat?post=26931"},{"taxonomy":"product_tag","embeddable":true,"href":"https:\/\/www.floreriaplaza.com\/catalogo\/wp-json\/wp\/v2\/product_tag?post=26931"}],"curies":[{"name":"wp","href":"https:\/\/api.w.org\/{rel}","templated":true}]}}