{"id":26766,"date":"2020-01-31T07:07:59","date_gmt":"2020-01-31T07:07:59","guid":{"rendered":"http:\/\/www.floreriaplaza.com\/catalogo\/?post_type=product&#038;p=26766"},"modified":"2020-10-25T02:08:21","modified_gmt":"2020-10-25T02:08:21","slug":"the-love-box-29-a","status":"publish","type":"product","link":"https:\/\/www.floreriaplaza.com\/catalogo\/producto\/the-love-box-29-a\/","title":{"rendered":"The Love Box 29-A"},"content":{"rendered":"<p>Moderno arreglo en caja con list\u00f3n, de gran calidad y gran dise\u00f1o para expresar sentimientos, con las m\u00e1s frescas y finas flores y rosas. Las im\u00e1genes sirven como referencia. cajas, flores, accesorios y colores pueden ser modificados dependiendo de la temporada de las flores y la existencia de material, manteniendo la calidad del producto.<\/p>\n","protected":false},"excerpt":{"rendered":"<p>Moderno arreglo en caja con list\u00f3n, de gran calidad y gran dise\u00f1o para expresar sentimientos, con las m\u00e1s frescas y finas flores y rosas.<\/p>\n","protected":false},"featured_media":26721,"comment_status":"closed","ping_status":"closed","template":"","meta":{"_et_pb_use_builder":"","_et_pb_old_content":"","_et_gb_content_width":""},"product_cat":[57,32],"product_tag":[],"class_list":{"0":"post-26766","1":"product","2":"type-product","3":"status-publish","4":"has-post-thumbnail","6":"product_cat-the-love-box-a","7":"product_cat-todos","9":"first","10":"instock","11":"product-type-simple"},"_links":{"self":[{"href":"https:\/\/www.floreriaplaza.com\/catalogo\/wp-json\/wp\/v2\/product\/26766","targetHints":{"allow":["GET"]}}],"collection":[{"href":"https:\/\/www.floreriaplaza.com\/catalogo\/wp-json\/wp\/v2\/product"}],"about":[{"href":"https:\/\/www.floreriaplaza.com\/catalogo\/wp-json\/wp\/v2\/types\/product"}],"replies":[{"embeddable":true,"href":"https:\/\/www.floreriaplaza.com\/catalogo\/wp-json\/wp\/v2\/comments?post=26766"}],"wp:featuredmedia":[{"embeddable":true,"href":"https:\/\/www.floreriaplaza.com\/catalogo\/wp-json\/wp\/v2\/media\/26721"}],"wp:attachment":[{"href":"https:\/\/www.floreriaplaza.com\/catalogo\/wp-json\/wp\/v2\/media?parent=26766"}],"wp:term":[{"taxonomy":"product_cat","embeddable":true,"href":"https:\/\/www.floreriaplaza.com\/catalogo\/wp-json\/wp\/v2\/product_cat?post=26766"},{"taxonomy":"product_tag","embeddable":true,"href":"https:\/\/www.floreriaplaza.com\/catalogo\/wp-json\/wp\/v2\/product_tag?post=26766"}],"curies":[{"name":"wp","href":"https:\/\/api.w.org\/{rel}","templated":true}]}}