{"id":28387,"date":"2020-08-15T21:33:14","date_gmt":"2020-08-15T21:33:14","guid":{"rendered":"http:\/\/www.floreriaplaza.com\/catalogo\/?page_id=28387"},"modified":"2020-08-15T22:12:50","modified_gmt":"2020-08-15T22:12:50","slug":"floreria-plaza-tampico","status":"publish","type":"page","link":"https:\/\/www.floreriaplaza.com\/catalogo\/floreria-plaza-tampico\/","title":{"rendered":"Floreria Plaza Tampico"},"content":{"rendered":"<p>[et_pb_section fb_built=\u00bb1&#8243; admin_label=\u00bbsection\u00bb _builder_version=\u00bb4.5.1&#8243; background_color=\u00bb#673ab7&#8243; background_image=\u00bbhttps:\/\/www.floreriaplaza.com\/catalogo\/wp-content\/uploads\/2020\/08\/Floreria-Plaza-Tampico-arreglos-florales.jpg\u00bb custom_padding=\u00bb0px||0px|||\u00bb custom_padding_tablet=\u00bb0px||0px|\u00bb padding_mobile=\u00bbon\u00bb][et_pb_row padding_mobile=\u00bbon\u00bb column_padding_mobile=\u00bbon\u00bb custom_padding_last_edited=\u00bbon|desktop\u00bb admin_label=\u00bbrow\u00bb _builder_version=\u00bb3.25&#8243; background_size=\u00bbinitial\u00bb background_position=\u00bbtop_left\u00bb background_repeat=\u00bbrepeat\u00bb custom_padding=\u00bb50px||75px|||\u00bb custom_padding_tablet=\u00bb||100px|\u00bb custom_padding_phone=\u00bb\u00bb][et_pb_column type=\u00bb4_4&#8243; _builder_version=\u00bb3.25&#8243; custom_padding=\u00bb|||\u00bb custom_padding__hover=\u00bb|||\u00bb][et_pb_text _builder_version=\u00bb3.27.4&#8243; text_font=\u00bbPT Serif||||\u00bb text_text_color=\u00bb#ffffff\u00bb text_font_size=\u00bb64&#8243; text_line_height=\u00bb1.1em\u00bb background_size=\u00bbinitial\u00bb background_position=\u00bbtop_left\u00bb background_repeat=\u00bbrepeat\u00bb text_font_size_tablet=\u00bb48&#8243; text_font_size_phone=\u00bb\u00bb text_font_size_last_edited=\u00bbon|desktop\u00bb custom_css_main_element=\u00bbtext-shadow: 0px 0px 18px #000000;||-webkit-text-stroke: .3px black;||||\u00bb]<strong>Compra Desde Donde Est\u00e9s&#8230;<\/strong><br \/>\n[\/et_pb_text][\/et_pb_column][\/et_pb_row][et_pb_row column_structure=\u00bb1_2,1_2&#8243; column_padding_mobile=\u00bbon\u00bb custom_padding_last_edited=\u00bbon|desktop\u00bb admin_label=\u00bbrow\u00bb _builder_version=\u00bb3.25&#8243; background_size=\u00bbinitial\u00bb background_position=\u00bbtop_left\u00bb background_repeat=\u00bbrepeat\u00bb custom_padding=\u00bb0px||50px|\u00bb custom_padding_tablet=\u00bb\u00bb custom_padding_phone=\u00bb\u00bb][et_pb_column type=\u00bb1_2&#8243; _builder_version=\u00bb3.25&#8243; custom_padding=\u00bb|||\u00bb custom_padding__hover=\u00bb|||\u00bb][et_pb_text _builder_version=\u00bb3.27.4&#8243; text_font=\u00bbPT Serif||||\u00bb text_text_color=\u00bb#ffffff\u00bb text_font_size=\u00bb64&#8243; text_line_height=\u00bb1.1em\u00bb background_size=\u00bbinitial\u00bb background_position=\u00bbtop_left\u00bb background_repeat=\u00bbrepeat\u00bb text_font_size_tablet=\u00bb48&#8243; text_font_size_phone=\u00bb\u00bb text_font_size_last_edited=\u00bbon|desktop\u00bb custom_css_main_element=\u00bbtext-shadow: 0px 0px 18px #000000;||-webkit-text-stroke: .3px black;\u00bb]<strong>C\u00f3mo<\/strong><br \/>\n<strong>Comprar<\/strong><br \/>\n<strong>Tu<\/strong> <strong>Arreglo<\/strong><br \/>\n[\/et_pb_text][\/et_pb_column][et_pb_column type=\u00bb1_2&#8243; _builder_version=\u00bb3.25&#8243; custom_padding=\u00bb|||\u00bb custom_padding__hover=\u00bb|||\u00bb][et_pb_text _builder_version=\u00bb3.27.4&#8243; text_font=\u00bbPT Sans||||\u00bb text_text_color=\u00bb#ffffff\u00bb text_font_size=\u00bb25px\u00bb text_line_height=\u00bb1.4em\u00bb background_size=\u00bbinitial\u00bb background_position=\u00bbtop_left\u00bb background_repeat=\u00bbrepeat\u00bb custom_css_main_element=\u00bbbottom:-70px;||text-shadow: 0px 0px 18px #000000;||-webkit-text-stroke: .3px black;\u00bb]<strong>1. Escoge el dise\u00f1o y su c\u00f3digo <\/strong><br \/>\n<strong> 2. Ll\u00e1manos para ordenarlo <\/strong><br \/>\n<strong> 3. Selecciona tu forma de pago <\/strong><br \/>\n<strong> 4. Tu arreglo se enviar\u00e1 al momento<\/strong><br \/>\n[\/et_pb_text][et_pb_divider show_divider=\u00bboff\u00bb disabled_on=\u00bbon|on|\u00bb _builder_version=\u00bb3.23.4&#8243; height=\u00bb92px\u00bb][\/et_pb_divider][\/et_pb_column][\/et_pb_row][\/et_pb_section][et_pb_section fb_built=\u00bb1&#8243; admin_label=\u00bbsection\u00bb _builder_version=\u00bb4.5.1&#8243; background_color=\u00bb#ffffff\u00bb custom_padding=\u00bb0px||0px|\u00bb custom_padding_tablet=\u00bb0px||0px|\u00bb padding_mobile=\u00bbon\u00bb][et_pb_row _builder_version=\u00bb4.5.1&#8243; _module_preset=\u00bbdefault\u00bb custom_margin=\u00bb|auto|78px|auto||\u00bb][et_pb_column type=\u00bb4_4&#8243; _builder_version=\u00bb4.5.1&#8243; _module_preset=\u00bbdefault\u00bb][et_pb_gallery gallery_ids=\u00bb28393,28394,28398,28395,28401,28396,28399,28400,28409,28410,28397,28411&#8243; posts_number=\u00bb12&#8243; dbdb_version=\u00bb3.2.8&#8243; orientation=\u00bbportrait\u00bb show_title_and_caption=\u00bboff\u00bb show_pagination=\u00bboff\u00bb _builder_version=\u00bb4.5.1&#8243; _module_preset=\u00bbdefault\u00bb custom_margin=\u00bb82px|||||\u00bb animation_style=\u00bbfade\u00bb hover_enabled=\u00bb0&#8243; zoom_icon_color=\u00bb#7cda24&#8243; hover_icon=\u00bb%%257%%\u00bb][\/et_pb_gallery][\/et_pb_column][\/et_pb_row][\/et_pb_section]<\/p>\n","protected":false},"excerpt":{"rendered":"<p>Compra Desde Donde Est\u00e9s&#8230; C\u00f3mo Comprar Tu Arreglo 1. Escoge el dise\u00f1o y su c\u00f3digo 2. Ll\u00e1manos para ordenarlo 3. Selecciona tu forma de pago 4. Tu arreglo se enviar\u00e1 al momento<\/p>\n","protected":false},"author":1,"featured_media":0,"parent":0,"menu_order":0,"comment_status":"closed","ping_status":"closed","template":"","meta":{"_et_pb_use_builder":"on","_et_pb_old_content":"","_et_gb_content_width":"","footnotes":""},"class_list":["post-28387","page","type-page","status-publish","hentry"],"_links":{"self":[{"href":"https:\/\/www.floreriaplaza.com\/catalogo\/wp-json\/wp\/v2\/pages\/28387","targetHints":{"allow":["GET"]}}],"collection":[{"href":"https:\/\/www.floreriaplaza.com\/catalogo\/wp-json\/wp\/v2\/pages"}],"about":[{"href":"https:\/\/www.floreriaplaza.com\/catalogo\/wp-json\/wp\/v2\/types\/page"}],"author":[{"embeddable":true,"href":"https:\/\/www.floreriaplaza.com\/catalogo\/wp-json\/wp\/v2\/users\/1"}],"replies":[{"embeddable":true,"href":"https:\/\/www.floreriaplaza.com\/catalogo\/wp-json\/wp\/v2\/comments?post=28387"}],"version-history":[{"count":7,"href":"https:\/\/www.floreriaplaza.com\/catalogo\/wp-json\/wp\/v2\/pages\/28387\/revisions"}],"predecessor-version":[{"id":28414,"href":"https:\/\/www.floreriaplaza.com\/catalogo\/wp-json\/wp\/v2\/pages\/28387\/revisions\/28414"}],"wp:attachment":[{"href":"https:\/\/www.floreriaplaza.com\/catalogo\/wp-json\/wp\/v2\/media?parent=28387"}],"curies":[{"name":"wp","href":"https:\/\/api.w.org\/{rel}","templated":true}]}}