{"id":25315,"date":"2017-10-26T22:40:26","date_gmt":"2017-10-26T22:40:26","guid":{"rendered":"http:\/\/www.floreriaplaza.com\/catalogo\/?page_id=25315"},"modified":"2017-10-26T23:57:03","modified_gmt":"2017-10-26T23:57:03","slug":"cliente-vip","status":"publish","type":"page","link":"https:\/\/www.floreriaplaza.com\/catalogo\/cliente-vip\/","title":{"rendered":"Cliente VIP"},"content":{"rendered":"<p>[et_pb_section fb_built=\u00bb1&#8243; custom_padding=\u00bb0px||0px|\u00bb padding_mobile=\u00bbon\u00bb admin_label=\u00bbsection\u00bb _builder_version=\u00bb3.0.69&#8243; background_image=\u00bbhttps:\/\/www.floreriaplaza.com\/catalogo\/wp-content\/uploads\/2017\/08\/IMG-20170605-WA0008.jpg\u00bb][et_pb_row custom_padding=\u00bb50px||270px|\u00bb custom_padding_tablet=\u00bb||100px|\u00bb padding_mobile=\u00bbon\u00bb column_padding_mobile=\u00bbon\u00bb parallax_method_1=\u00bboff\u00bb admin_label=\u00bbrow\u00bb custom_padding_last_edited=\u00bbon|desktop\u00bb _builder_version=\u00bb3.0.69&#8243; background_size=\u00bbinitial\u00bb background_position=\u00bbtop_left\u00bb background_repeat=\u00bbrepeat\u00bb][et_pb_column type=\u00bb4_4&#8243; _builder_version=\u00bb3.0.47&#8243; column_padding_mobile=\u00bbon\u00bb parallax=\u00bboff\u00bb parallax_method=\u00bboff\u00bb][et_pb_text _builder_version=\u00bb3.0.69&#8243; text_font=\u00bbPT Serif||||\u00bb text_font_size=\u00bb64&#8243; text_font_size_tablet=\u00bb48&#8243; text_font_size_last_edited=\u00bbon|desktop\u00bb text_text_color=\u00bb#ffffff\u00bb text_line_height=\u00bb1.1em\u00bb background_size=\u00bbinitial\u00bb background_position=\u00bbtop_left\u00bb background_repeat=\u00bbrepeat\u00bb custom_css_main_element=\u00bbtext-shadow: 0px 0px 18px #000000;||-webkit-text-stroke: .3px black;||||\u00bb]<\/p>\n<p><strong>Compra Desde Donde Est\u00e9s&#8230;<\/strong><\/p>\n<p>[\/et_pb_text][\/et_pb_column][\/et_pb_row][et_pb_row custom_padding=\u00bb0px||50px|\u00bb column_padding_mobile=\u00bbon\u00bb parallax_method_1=\u00bboff\u00bb parallax_method_2=\u00bboff\u00bb admin_label=\u00bbrow\u00bb custom_padding_last_edited=\u00bbon|desktop\u00bb _builder_version=\u00bb3.0.47&#8243; background_size=\u00bbinitial\u00bb background_position=\u00bbtop_left\u00bb background_repeat=\u00bbrepeat\u00bb][et_pb_column type=\u00bb1_2&#8243; _builder_version=\u00bb3.0.47&#8243; column_padding_mobile=\u00bbon\u00bb parallax=\u00bboff\u00bb parallax_method=\u00bboff\u00bb][et_pb_text _builder_version=\u00bb3.0.69&#8243; text_font=\u00bbPT Serif||||\u00bb text_font_size=\u00bb64&#8243; text_font_size_tablet=\u00bb48&#8243; text_font_size_last_edited=\u00bbon|desktop\u00bb text_text_color=\u00bb#ffffff\u00bb text_line_height=\u00bb1.1em\u00bb background_size=\u00bbinitial\u00bb background_position=\u00bbtop_left\u00bb background_repeat=\u00bbrepeat\u00bb custom_css_main_element=\u00bbtext-shadow: 0px 0px 18px #000000;||-webkit-text-stroke: .3px black;\u00bb]<\/p>\n<p><strong>C\u00f3mo<\/strong><br \/><strong>Comprar<\/strong><br \/><strong>Tu<\/strong> <strong>Arreglo<\/strong><\/p>\n<p>[\/et_pb_text][\/et_pb_column][et_pb_column type=\u00bb1_2&#8243; _builder_version=\u00bb3.0.47&#8243; column_padding_mobile=\u00bbon\u00bb parallax=\u00bboff\u00bb parallax_method=\u00bboff\u00bb][et_pb_text _builder_version=\u00bb3.0.69&#8243; text_font=\u00bbPT Sans||||\u00bb text_font_size=\u00bb25px\u00bb text_text_color=\u00bb#ffffff\u00bb text_line_height=\u00bb1.4em\u00bb background_size=\u00bbinitial\u00bb background_position=\u00bbtop_left\u00bb background_repeat=\u00bbrepeat\u00bb custom_css_main_element=\u00bbbottom:-70px;||text-shadow: 0px 0px 18px #000000;||-webkit-text-stroke: .3px black;\u00bb]<\/p>\n<p><strong>1. Escoge el dise\u00f1o y su c\u00f3digo <\/strong><br \/><strong> 2. Ll\u00e1manos para ordenarlo <\/strong><br \/><strong> 3. Selecciona tu forma de pago <\/strong><br \/><strong> 4. Tu arreglo se enviar\u00e1 al momento<\/strong><\/p>\n<p>\u00a0<\/p>\n<p>[\/et_pb_text][et_pb_divider height=\u00bb92&#8243; disabled_on=\u00bbon|on|\u00bb _builder_version=\u00bb3.0.47&#8243;][\/et_pb_divider][\/et_pb_column][\/et_pb_row][\/et_pb_section][et_pb_section fb_built=\u00bb1&#8243; background_color=\u00bb#faf1e0&#8243; _builder_version=\u00bb3.0.69&#8243;][et_pb_row _builder_version=\u00bb3.0.47&#8243; background_size=\u00bbinitial\u00bb background_position=\u00bbtop_left\u00bb background_repeat=\u00bbrepeat\u00bb][et_pb_column type=\u00bb4_4&#8243; _builder_version=\u00bb3.0.69&#8243; parallax=\u00bboff\u00bb parallax_method=\u00bbon\u00bb][et_pb_text _builder_version=\u00bb3.0.69&#8243;][\/et_pb_text][et_pb_code _builder_version=\u00bb3.0.69&#8243;]&lt;!&#8211; Begin MailChimp Signup Form &#8211;&gt;&lt;!&#8211; [et_pb_line_break_holder] &#8211;&gt;&lt;link href=&quot;\/\/cdn-images.mailchimp.com\/embedcode\/classic-10_7.css&quot; rel=&quot;stylesheet&quot; type=&quot;text\/css&quot;&gt;&lt;!&#8211; [et_pb_line_break_holder] &#8211;&gt;&lt;style type=&quot;text\/css&quot;&gt;&lt;!&#8211; [et_pb_line_break_holder] &#8211;&gt;\t#mc_embed_signup{background:#fff; clear:left; font:14px Helvetica,Arial,sans-serif; }&lt;!&#8211; [et_pb_line_break_holder] &#8211;&gt;\t\/* Add your own MailChimp form style overrides in your site stylesheet or in this style block.&lt;!&#8211; [et_pb_line_break_holder] &#8211;&gt;\t   We recommend moving this block and the preceding CSS link to the HEAD of your HTML file. *\/&lt;!&#8211; [et_pb_line_break_holder] &#8211;&gt;&lt;\/style&gt;&lt;!&#8211; [et_pb_line_break_holder] &#8211;&gt;&lt;div id=&quot;mc_embed_signup&quot;&gt;&lt;!&#8211; [et_pb_line_break_holder] &#8211;&gt;&lt;form action=&quot;https:\/\/floreriaplaza.us14.list-manage.com\/subscribe\/post?u=ed83c509daf2ac9c5ee727d8f&amp;id=c55a2cd70f&quot; method=&quot;post&quot; id=&quot;mc-embedded-subscribe-form&quot; name=&quot;mc-embedded-subscribe-form&quot; class=&quot;validate&quot; target=&quot;_blank&quot; novalidate&gt;&lt;!&#8211; [et_pb_line_break_holder] &#8211;&gt;    &lt;div id=&quot;mc_embed_signup_scroll&quot;&gt;&lt;!&#8211; [et_pb_line_break_holder] &#8211;&gt;\t&lt;h2&gt;Cliente VIP Florer\u00eda Plaza&lt;\/h2&gt;&lt;!&#8211; [et_pb_line_break_holder] &#8211;&gt;&lt;div class=&quot;indicates-required&quot;&gt;&lt;span class=&quot;asterisk&quot;&gt;*&lt;\/span&gt; indicates required&lt;\/div&gt;&lt;!&#8211; [et_pb_line_break_holder] &#8211;&gt;&lt;div class=&quot;mc-field-group&quot;&gt;&lt;!&#8211; [et_pb_line_break_holder] &#8211;&gt;\t&lt;label for=&quot;mce-EMAIL&quot;&gt;Email  &lt;span class=&quot;asterisk&quot;&gt;*&lt;\/span&gt;&lt;!&#8211; [et_pb_line_break_holder] &#8211;&gt;&lt;\/label&gt;&lt;!&#8211; [et_pb_line_break_holder] &#8211;&gt;\t&lt;input type=&quot;email&quot; value=&quot;&quot; name=&quot;EMAIL&quot; class=&quot;required email&quot; id=&quot;mce-EMAIL&quot;&gt;&lt;!&#8211; [et_pb_line_break_holder] &#8211;&gt;&lt;\/div&gt;&lt;!&#8211; [et_pb_line_break_holder] &#8211;&gt;&lt;div class=&quot;mc-field-group&quot;&gt;&lt;!&#8211; [et_pb_line_break_holder] &#8211;&gt;\t&lt;label for=&quot;mce-FNAME&quot;&gt;Nombre &lt;\/label&gt;&lt;!&#8211; [et_pb_line_break_holder] &#8211;&gt;\t&lt;input type=&quot;text&quot; value=&quot;&quot; name=&quot;FNAME&quot; class=&quot;&quot; id=&quot;mce-FNAME&quot;&gt;&lt;!&#8211; [et_pb_line_break_holder] &#8211;&gt;&lt;\/div&gt;&lt;!&#8211; [et_pb_line_break_holder] &#8211;&gt;&lt;div class=&quot;mc-field-group&quot;&gt;&lt;!&#8211; [et_pb_line_break_holder] &#8211;&gt;\t&lt;label for=&quot;mce-LNAME&quot;&gt;Apellido &lt;\/label&gt;&lt;!&#8211; [et_pb_line_break_holder] &#8211;&gt;\t&lt;input type=&quot;text&quot; value=&quot;&quot; name=&quot;LNAME&quot; class=&quot;&quot; id=&quot;mce-LNAME&quot;&gt;&lt;!&#8211; [et_pb_line_break_holder] &#8211;&gt;&lt;\/div&gt;&lt;!&#8211; [et_pb_line_break_holder] &#8211;&gt;&lt;div class=&quot;mc-field-group size1of2&quot;&gt;&lt;!&#8211; [et_pb_line_break_holder] &#8211;&gt;\t&lt;label for=&quot;mce-MMERGE3-month&quot;&gt;Cumplea\u00f1os &lt;\/label&gt;&lt;!&#8211; [et_pb_line_break_holder] &#8211;&gt;\t&lt;div class=&quot;datefield&quot;&gt;&lt;!&#8211; [et_pb_line_break_holder] &#8211;&gt;\t\t&lt;span class=&quot;subfield dayfield&quot;&gt;&lt;input class=&quot;datepart &quot; type=&quot;text&quot; pattern=&quot;[0-9]*&quot; value=&quot;&quot; placeholder=&quot;DD&quot; size=&quot;2&quot; maxlength=&quot;2&quot; name=&quot;MMERGE3[day]&quot; id=&quot;mce-MMERGE3-day&quot;&gt;&lt;\/span&gt; \/ &lt;!&#8211; [et_pb_line_break_holder] &#8211;&gt;        &lt;span class=&quot;subfield monthfield&quot;&gt;&lt;input class=&quot;datepart &quot; type=&quot;text&quot; pattern=&quot;[0-9]*&quot; value=&quot;&quot; placeholder=&quot;MM&quot; size=&quot;2&quot; maxlength=&quot;2&quot; name=&quot;MMERGE3[month]&quot; id=&quot;mce-MMERGE3-month&quot;&gt;&lt;\/span&gt; &lt;!&#8211; [et_pb_line_break_holder] &#8211;&gt;\t\t&lt;span class=&quot;small-meta nowrap&quot;&gt;( dd \/ mm )&lt;\/span&gt;&lt;!&#8211; [et_pb_line_break_holder] &#8211;&gt;\t&lt;\/div&gt;&lt;!&#8211; [et_pb_line_break_holder] &#8211;&gt;&lt;\/div&gt;&lt;div class=&quot;mc-field-group size1of2&quot;&gt;&lt;!&#8211; [et_pb_line_break_holder] &#8211;&gt;\t&lt;label for=&quot;mce-MMERGE4-month&quot;&gt;Fecha Especial &lt;\/label&gt;&lt;!&#8211; [et_pb_line_break_holder] &#8211;&gt;\t&lt;div class=&quot;datefield&quot;&gt;&lt;!&#8211; [et_pb_line_break_holder] &#8211;&gt;\t\t&lt;span class=&quot;subfield dayfield&quot;&gt;&lt;input class=&quot;datepart &quot; type=&quot;text&quot; pattern=&quot;[0-9]*&quot; value=&quot;&quot; placeholder=&quot;DD&quot; size=&quot;2&quot; maxlength=&quot;2&quot; name=&quot;MMERGE4[day]&quot; id=&quot;mce-MMERGE4-day&quot;&gt;&lt;\/span&gt; \/ &lt;!&#8211; [et_pb_line_break_holder] &#8211;&gt;        &lt;span class=&quot;subfield monthfield&quot;&gt;&lt;input class=&quot;datepart &quot; type=&quot;text&quot; pattern=&quot;[0-9]*&quot; value=&quot;&quot; placeholder=&quot;MM&quot; size=&quot;2&quot; maxlength=&quot;2&quot; name=&quot;MMERGE4[month]&quot; id=&quot;mce-MMERGE4-month&quot;&gt;&lt;\/span&gt; \/ &lt;!&#8211; [et_pb_line_break_holder] &#8211;&gt;\t\t&lt;span class=&quot;subfield yearfield&quot;&gt;&lt;input class=&quot;datepart &quot; type=&quot;text&quot; pattern=&quot;[0-9]*&quot; value=&quot;&quot; placeholder=&quot;YYYY&quot; size=&quot;4&quot; maxlength=&quot;4&quot; name=&quot;MMERGE4[year]&quot; id=&quot;mce-MMERGE4-year&quot;&gt;&lt;\/span&gt;&lt;!&#8211; [et_pb_line_break_holder] &#8211;&gt;        &lt;span class=&quot;small-meta nowrap&quot;&gt;( dd \/ mm \/ yyyy )&lt;\/span&gt;&lt;!&#8211; [et_pb_line_break_holder] &#8211;&gt;\t&lt;\/div&gt;&lt;!&#8211; [et_pb_line_break_holder] &#8211;&gt;&lt;\/div&gt;&lt;div class=&quot;mc-field-group input-group&quot;&gt;&lt;!&#8211; [et_pb_line_break_holder] &#8211;&gt;    &lt;strong&gt;Motivo del arreglo &lt;\/strong&gt;&lt;!&#8211; [et_pb_line_break_holder] &#8211;&gt;    &lt;ul&gt;&lt;li&gt;&lt;input type=&quot;radio&quot; value=&quot;Aniversario Boda&quot; name=&quot;MMERGE6&quot; id=&quot;mce-MMERGE6-0&quot;&gt;&lt;label for=&quot;mce-MMERGE6-0&quot;&gt;Aniversario Boda&lt;\/label&gt;&lt;\/li&gt;&lt;!&#8211; [et_pb_line_break_holder] &#8211;&gt;&lt;li&gt;&lt;input type=&quot;radio&quot; value=&quot;Cumplea\u00f1os Alguien Especial&quot; name=&quot;MMERGE6&quot; id=&quot;mce-MMERGE6-1&quot;&gt;&lt;label for=&quot;mce-MMERGE6-1&quot;&gt;Cumplea\u00f1os Alguien Especial&lt;\/label&gt;&lt;\/li&gt;&lt;!&#8211; [et_pb_line_break_holder] &#8211;&gt;&lt;\/ul&gt;&lt;!&#8211; [et_pb_line_break_holder] &#8211;&gt;&lt;\/div&gt;&lt;!&#8211; [et_pb_line_break_holder] &#8211;&gt;&lt;div class=&quot;mc-field-group size1of2&quot;&gt;&lt;!&#8211; [et_pb_line_break_holder] &#8211;&gt;\t&lt;label for=&quot;mce-MMERGE5&quot;&gt;Phone Number &lt;\/label&gt;&lt;!&#8211; [et_pb_line_break_holder] &#8211;&gt;    &lt;div class=&quot;phonefield phonefield-us&quot;&gt;&lt;!&#8211; [et_pb_line_break_holder] &#8211;&gt;        (&lt;span class=&quot;phonearea&quot;&gt;&lt;input class=&quot;phonepart &quot; pattern=&quot;[0-9]*&quot; id=&quot;mce-MMERGE5-area&quot; name=&quot;MMERGE5[area]&quot; maxlength=&quot;3&quot; size=&quot;3&quot; value=&quot;&quot; type=&quot;text&quot;&gt;&lt;\/span&gt;)&lt;!&#8211; [et_pb_line_break_holder] &#8211;&gt;        &lt;span class=&quot;phonedetail1&quot;&gt;&lt;input class=&quot;phonepart &quot; pattern=&quot;[0-9]*&quot; id=&quot;mce-MMERGE5-detail1&quot; name=&quot;MMERGE5[detail1]&quot; maxlength=&quot;3&quot; size=&quot;3&quot; value=&quot;&quot; type=&quot;text&quot;&gt;&lt;\/span&gt; &#8211; &lt;!&#8211; [et_pb_line_break_holder] &#8211;&gt;        &lt;span class=&quot;phonedetail2&quot;&gt;&lt;input class=&quot;phonepart &quot; pattern=&quot;[0-9]*&quot; id=&quot;mce-MMERGE5-detail2&quot; name=&quot;MMERGE5[detail2]&quot; maxlength=&quot;4&quot; size=&quot;4&quot; value=&quot;&quot; type=&quot;text&quot;&gt;&lt;\/span&gt;&lt;!&#8211; [et_pb_line_break_holder] &#8211;&gt;\t\t&lt;span class=&quot;small-meta nowrap&quot;&gt;(###) ###-####&lt;\/span&gt;&lt;!&#8211; [et_pb_line_break_holder] &#8211;&gt;    &lt;\/div&gt;&lt;!&#8211; [et_pb_line_break_holder] &#8211;&gt;&lt;\/div&gt;\t&lt;div id=&quot;mce-responses&quot; class=&quot;clear&quot;&gt;&lt;!&#8211; [et_pb_line_break_holder] &#8211;&gt;\t\t&lt;div class=&quot;response&quot; id=&quot;mce-error-response&quot; style=&quot;display:none&quot;&gt;&lt;\/div&gt;&lt;!&#8211; [et_pb_line_break_holder] &#8211;&gt;\t\t&lt;div class=&quot;response&quot; id=&quot;mce-success-response&quot; style=&quot;display:none&quot;&gt;&lt;\/div&gt;&lt;!&#8211; [et_pb_line_break_holder] &#8211;&gt;\t&lt;\/div&gt;    &lt;!&#8211; real people should not fill this in and expect good things &#8211; do not remove this or risk form bot signups&#8211;&gt;&lt;!&#8211; [et_pb_line_break_holder] &#8211;&gt;    &lt;div style=&quot;position: absolute; left: -5000px;&quot; aria-hidden=&quot;true&quot;&gt;&lt;input type=&quot;text&quot; name=&quot;b_ed83c509daf2ac9c5ee727d8f_c55a2cd70f&quot; tabindex=&quot;-1&quot; value=&quot;&quot;&gt;&lt;\/div&gt;&lt;!&#8211; [et_pb_line_break_holder] &#8211;&gt;    &lt;div class=&quot;clear&quot;&gt;&lt;input type=&quot;submit&quot; value=&quot;Subscribe&quot; name=&quot;subscribe&quot; id=&quot;mc-embedded-subscribe&quot; class=&quot;button&quot;&gt;&lt;\/div&gt;&lt;!&#8211; [et_pb_line_break_holder] &#8211;&gt;    &lt;\/div&gt;&lt;!&#8211; [et_pb_line_break_holder] &#8211;&gt;&lt;\/form&gt;&lt;!&#8211; [et_pb_line_break_holder] &#8211;&gt;&lt;\/div&gt;&lt;!&#8211; [et_pb_line_break_holder] &#8211;&gt;&lt;script type=&#039;text\/javascript&#039; src=&#039;\/\/s3.amazonaws.com\/downloads.mailchimp.com\/js\/mc-validate.js&#039;&gt;&lt;\/script&gt;&lt;script type=&#039;text\/javascript&#039;&gt;(function($) {window.fnames = new Array(); window.ftypes = new Array();fnames[0]=&#039;EMAIL&#039;;ftypes[0]=&#039;email&#039;;fnames[1]=&#039;FNAME&#039;;ftypes[1]=&#039;text&#039;;fnames[2]=&#039;LNAME&#039;;ftypes[2]=&#039;text&#039;;fnames[3]=&#039;MMERGE3&#039;;ftypes[3]=&#039;birthday&#039;;fnames[4]=&#039;MMERGE4&#039;;ftypes[4]=&#039;date&#039;;fnames[6]=&#039;MMERGE6&#039;;ftypes[6]=&#039;radio&#039;;fnames[5]=&#039;MMERGE5&#039;;ftypes[5]=&#039;phone&#039;; \/*&lt;!&#8211; [et_pb_line_break_holder] &#8211;&gt; * Translated default messages for the $ validation plugin.&lt;!&#8211; [et_pb_line_break_holder] &#8211;&gt; * Locale: ES&lt;!&#8211; [et_pb_line_break_holder] &#8211;&gt; *\/&lt;!&#8211; [et_pb_line_break_holder] &#8211;&gt;$.extend($.validator.messages, {&lt;!&#8211; [et_pb_line_break_holder] &#8211;&gt;  required: &quot;Este campo es obligatorio.&quot;,&lt;!&#8211; [et_pb_line_break_holder] &#8211;&gt;  remote: &quot;Por favor, rellena este campo.&quot;,&lt;!&#8211; [et_pb_line_break_holder] &#8211;&gt;  email: &quot;Por favor, escribe una direcci\u00f3n de correo v\u00e1lida&quot;,&lt;!&#8211; [et_pb_line_break_holder] &#8211;&gt;  url: &quot;Por favor, escribe una URL v\u00e1lida.&quot;,&lt;!&#8211; [et_pb_line_break_holder] &#8211;&gt;  date: &quot;Por favor, escribe una fecha v\u00e1lida.&quot;,&lt;!&#8211; [et_pb_line_break_holder] &#8211;&gt;  dateISO: &quot;Por favor, escribe una fecha (ISO) v\u00e1lida.&quot;,&lt;!&#8211; [et_pb_line_break_holder] &#8211;&gt;  number: &quot;Por favor, escribe un n\u00famero entero v\u00e1lido.&quot;,&lt;!&#8211; [et_pb_line_break_holder] &#8211;&gt;  digits: &quot;Por favor, escribe s\u00f3lo d\u00edgitos.&quot;,&lt;!&#8211; [et_pb_line_break_holder] &#8211;&gt;  creditcard: &quot;Por favor, escribe un n\u00famero de tarjeta v\u00e1lido.&quot;,&lt;!&#8211; [et_pb_line_break_holder] &#8211;&gt;  equalTo: &quot;Por favor, escribe el mismo valor de nuevo.&quot;,&lt;!&#8211; [et_pb_line_break_holder] &#8211;&gt;  accept: &quot;Por favor, escribe un valor con una extensi\u00f3n aceptada.&quot;,&lt;!&#8211; [et_pb_line_break_holder] &#8211;&gt;  maxlength: $.validator.format(&quot;Por favor, no escribas m\u00e1s de {0} caracteres.&quot;),&lt;!&#8211; [et_pb_line_break_holder] &#8211;&gt;  minlength: $.validator.format(&quot;Por favor, no escribas menos de {0} caracteres.&quot;),&lt;!&#8211; [et_pb_line_break_holder] &#8211;&gt;  rangelength: $.validator.format(&quot;Por favor, escribe un valor entre {0} y {1} caracteres.&quot;),&lt;!&#8211; [et_pb_line_break_holder] &#8211;&gt;  range: $.validator.format(&quot;Por favor, escribe un valor entre {0} y {1}.&quot;),&lt;!&#8211; [et_pb_line_break_holder] &#8211;&gt;  max: $.validator.format(&quot;Por favor, escribe un valor menor o igual a {0}.&quot;),&lt;!&#8211; [et_pb_line_break_holder] &#8211;&gt;  min: $.validator.format(&quot;Por favor, escribe un valor mayor o igual a {0}.&quot;)&lt;!&#8211; [et_pb_line_break_holder] &#8211;&gt;});}(jQuery));var $mcj = jQuery.noConflict(true);&lt;\/script&gt;&lt;!&#8211; [et_pb_line_break_holder] &#8211;&gt;&lt;!&#8211;End mc_embed_signup&#8211;&gt;[\/et_pb_code][\/et_pb_column][\/et_pb_row][\/et_pb_section]<\/p>\n","protected":false},"excerpt":{"rendered":"<p>Compra Desde Donde Est\u00e9s&#8230;C\u00f3moComprarTu Arreglo1. Escoge el dise\u00f1o y su c\u00f3digo 2. Ll\u00e1manos para ordenarlo 3. Selecciona tu forma de pago 4. Tu arreglo se enviar\u00e1 al momento \u00a0&lt;!&#8211; Begin MailChimp Signup Form &#8211;&gt;&lt;!&#8211; [et_pb_line_break_holder] &#8211;&gt;&lt;link href=&quot;\/\/cdn-images.mailchimp.com\/embedcode\/classic-10_7.css&quot; rel=&quot;stylesheet&quot; type=&quot;text\/css&quot;&gt;&lt;!&#8211; [et_pb_line_break_holder] &#8211;&gt;&lt;style type=&quot;text\/css&quot;&gt;&lt;!&#8211; [et_pb_line_break_holder] &#8211;&gt; #mc_embed_signup{background:#fff; clear:left; font:14px Helvetica,Arial,sans-serif; }&lt;!&#8211; [et_pb_line_break_holder] &#8211;&gt; \/* Add your own [&hellip;]<\/p>\n","protected":false},"author":1,"featured_media":0,"parent":0,"menu_order":0,"comment_status":"closed","ping_status":"closed","template":"","meta":{"_et_pb_use_builder":"on","_et_pb_old_content":"","_et_gb_content_width":"","footnotes":""},"class_list":["post-25315","page","type-page","status-publish","hentry"],"_links":{"self":[{"href":"https:\/\/www.floreriaplaza.com\/catalogo\/wp-json\/wp\/v2\/pages\/25315","targetHints":{"allow":["GET"]}}],"collection":[{"href":"https:\/\/www.floreriaplaza.com\/catalogo\/wp-json\/wp\/v2\/pages"}],"about":[{"href":"https:\/\/www.floreriaplaza.com\/catalogo\/wp-json\/wp\/v2\/types\/page"}],"author":[{"embeddable":true,"href":"https:\/\/www.floreriaplaza.com\/catalogo\/wp-json\/wp\/v2\/users\/1"}],"replies":[{"embeddable":true,"href":"https:\/\/www.floreriaplaza.com\/catalogo\/wp-json\/wp\/v2\/comments?post=25315"}],"version-history":[{"count":5,"href":"https:\/\/www.floreriaplaza.com\/catalogo\/wp-json\/wp\/v2\/pages\/25315\/revisions"}],"predecessor-version":[{"id":25359,"href":"https:\/\/www.floreriaplaza.com\/catalogo\/wp-json\/wp\/v2\/pages\/25315\/revisions\/25359"}],"wp:attachment":[{"href":"https:\/\/www.floreriaplaza.com\/catalogo\/wp-json\/wp\/v2\/media?parent=25315"}],"curies":[{"name":"wp","href":"https:\/\/api.w.org\/{rel}","templated":true}]}}